{"id":727,"date":"2024-06-06T08:34:14","date_gmt":"2024-06-06T12:34:14","guid":{"rendered":"https:\/\/zaritsky.ca\/contact\/"},"modified":"2025-10-07T12:20:28","modified_gmt":"2025-10-07T16:20:28","slug":"contact","status":"publish","type":"page","link":"https:\/\/zaritsky.ca\/fr\/contact\/","title":{"rendered":"Contact"},"content":{"rendered":"<div class=\"wpb-content-wrapper\"><p>[vc_row full_width=\u00a0\u00bbstretch_row\u00a0\u00bb content_placement=\u00a0\u00bbmiddle\u00a0\u00bb css=\u00a0\u00bb.vc_custom_1717672936723{padding-top: 30px !important;padding-bottom: 30px !important;background-color: #01476a !important;}\u00a0\u00bb][vc_column css=\u00a0\u00bb.vc_custom_1717672969302{padding-top: 0px !important;}\u00a0\u00bb][vc_custom_heading text=\u00a0\u00bbContact &#8211; Randi Zaritsky\u00a0\u00bb font_container=\u00a0\u00bbtag:h2|text_align:left|color:%23ffffff\u00a0\u00bb use_theme_fonts=\u00a0\u00bbyes\u00a0\u00bb css=\u00a0\u00bb\u00a0\u00bb][\/vc_column][\/vc_row][vc_row equal_height=\u00a0\u00bbyes\u00a0\u00bb css=\u00a0\u00bb.vc_custom_1720182526400{margin-top: 30px !important;}\u00a0\u00bb][vc_column width=\u00a0\u00bb1\/2&Prime;][vc_custom_heading text=\u00a0\u00bbPrenez contact\u00a0\u00bb font_container=\u00a0\u00bbtag:h2|text_align:left|color:%2301476a\u00a0\u00bb use_theme_fonts=\u00a0\u00bbyes\u00a0\u00bb css=\u00a0\u00bb\u00a0\u00bb][vc_column_text css=\u00a0\u00bb.vc_custom_1759853994407{margin-bottom: 15px !important;}\u00a0\u00bb]Appelez-moi ou envoyez-moi un courriel en utilisant les coordonn\u00e9es ci-dessous et je vous r\u00e9pondrai dans les plus brefs d\u00e9lais.[\/vc_column_text][mvc_infobox info_style=\u00a0\u00bbmega_info_box_2&Prime; info_opt=\u00a0\u00bbshow_icon\u00a0\u00bb icon_height=\u00a0\u00bb25&Prime; line_height=\u00a0\u00bb1.5&Prime; title_color=\u00a0\u00bb#222222&Prime; font_icon=\u00a0\u00bbfas fa-phone-alt\u00a0\u00bb icon_color=\u00a0\u00bb#01476a\u00a0\u00bb info_title=\u00a0\u00bbT\u00e9l\u00e9phone :\u00a0\u00bb title_size=\u00a0\u00bb24&Prime;](514) 944-1737[\/mvc_infobox][mvc_infobox info_style=\u00a0\u00bbmega_info_box_2&Prime; info_opt=\u00a0\u00bbshow_icon\u00a0\u00bb icon_height=\u00a0\u00bb25&Prime; line_height=\u00a0\u00bb1.5&Prime; title_color=\u00a0\u00bb#222222&Prime; font_icon=\u00a0\u00bbfas fa-envelope\u00a0\u00bb icon_color=\u00a0\u00bb#01476a\u00a0\u00bb info_title=\u00a0\u00bbCourriel :\u00a0\u00bb title_size=\u00a0\u00bb24&Prime;]<a href=\"mailto:info@zaritsky.ca\" target=\"_blank\" rel=\"noopener\">info@zaritsky.ca<\/a>[\/mvc_infobox][mvc_infobox info_style=\u00a0\u00bbmega_info_box_2&Prime; info_opt=\u00a0\u00bbshow_icon\u00a0\u00bb icon_height=\u00a0\u00bb25&Prime; link=\u00a0\u00bblink_box\u00a0\u00bb line_height=\u00a0\u00bb1.5&Prime; title_color=\u00a0\u00bb#222222&Prime; font_icon=\u00a0\u00bbfas fa-map-marker-alt\u00a0\u00bb icon_color=\u00a0\u00bb#01476a\u00a0\u00bb info_title=\u00a0\u00bbEmplacement :\u00a0\u00bb title_size=\u00a0\u00bb24&Prime; btn_url=\u00a0\u00bburl:https%3A%2F%2Fmaps.app.goo.gl%2Fp1gbF8BjjZZqX6dE6|target:_blank\u00a0\u00bb]2020 Rte Transcanadienne<br \/>\n#107<br \/>\nDorval, QC H9P 2N4[\/mvc_infobox][\/vc_column][vc_column width=\u00a0\u00bb1\/2&Prime;][vc_single_image image=\u00a0\u00bb726&Prime; img_size=\u00a0\u00bbfull\u00a0\u00bb alignment=\u00a0\u00bbcenter\u00a0\u00bb onclick=\u00a0\u00bbcustom_link\u00a0\u00bb img_link_target=\u00a0\u00bb_blank\u00a0\u00bb css=\u00a0\u00bb\u00a0\u00bb link=\u00a0\u00bbhttps:\/\/maps.app.goo.gl\/p1gbF8BjjZZqX6dE6&Prime;][\/vc_column][\/vc_row]<\/p>\n<\/div>","protected":false},"excerpt":{"rendered":"<p>[vc_row full_width=\u00a0\u00bbstretch_row\u00a0\u00bb content_placement=\u00a0\u00bbmiddle\u00a0\u00bb css=\u00a0\u00bb.vc_custom_1717672936723{padding-top: 30px !important;padding-bottom: 30px !important;background-color: #01476a !important;}\u00a0\u00bb][vc_column css=\u00a0\u00bb.vc_custom_1717672969302{padding-top: 0px !important;}\u00a0\u00bb][vc_custom_heading text=\u00a0\u00bbContact &#8211; Randi Zaritsky\u00a0\u00bb font_container=\u00a0\u00bbtag:h2|text_align:left|color:%23ffffff\u00a0\u00bb use_theme_fonts=\u00a0\u00bbyes\u00a0\u00bb css=\u00a0\u00bb\u00a0\u00bb][\/vc_column][\/vc_row][vc_row equal_height=\u00a0\u00bbyes\u00a0\u00bb css=\u00a0\u00bb.vc_custom_1720182526400{margin-top: 30px !important;}\u00a0\u00bb][vc_column width=\u00a0\u00bb1\/2&Prime;][vc_custom_heading text=\u00a0\u00bbPrenez contact\u00a0\u00bb font_container=\u00a0\u00bbtag:h2|text_align:left|color:%2301476a\u00a0\u00bb use_theme_fonts=\u00a0\u00bbyes\u00a0\u00bb css=\u00a0\u00bb\u00a0\u00bb][vc_column_text &#8230; <a title=\"Contact\" class=\"read-more\" href=\"https:\/\/zaritsky.ca\/fr\/contact\/\" aria-label=\"En savoir plus sur Contact\"> <\/a><\/p>\n","protected":false},"author":1,"featured_media":0,"parent":0,"menu_order":0,"comment_status":"closed","ping_status":"closed","template":"","meta":{"inline_featured_image":false,"footnotes":""},"class_list":["post-727","page","type-page","status-publish"],"_links":{"self":[{"href":"https:\/\/zaritsky.ca\/fr\/wp-json\/wp\/v2\/pages\/727","targetHints":{"allow":["GET"]}}],"collection":[{"href":"https:\/\/zaritsky.ca\/fr\/wp-json\/wp\/v2\/pages"}],"about":[{"href":"https:\/\/zaritsky.ca\/fr\/wp-json\/wp\/v2\/types\/page"}],"author":[{"embeddable":true,"href":"https:\/\/zaritsky.ca\/fr\/wp-json\/wp\/v2\/users\/1"}],"replies":[{"embeddable":true,"href":"https:\/\/zaritsky.ca\/fr\/wp-json\/wp\/v2\/comments?post=727"}],"version-history":[{"count":20,"href":"https:\/\/zaritsky.ca\/fr\/wp-json\/wp\/v2\/pages\/727\/revisions"}],"predecessor-version":[{"id":990,"href":"https:\/\/zaritsky.ca\/fr\/wp-json\/wp\/v2\/pages\/727\/revisions\/990"}],"wp:attachment":[{"href":"https:\/\/zaritsky.ca\/fr\/wp-json\/wp\/v2\/media?parent=727"}],"curies":[{"name":"wp","href":"https:\/\/api.w.org\/{rel}","templated":true}]}}