{"id":720,"date":"2024-08-22T15:18:53","date_gmt":"2024-08-22T19:18:53","guid":{"rendered":"https:\/\/zaritsky.ca\/en-construction\/"},"modified":"2025-09-24T13:59:44","modified_gmt":"2025-09-24T17:59:44","slug":"en-construction","status":"publish","type":"page","link":"https:\/\/zaritsky.ca\/fr\/en-construction\/","title":{"rendered":"En construction"},"content":{"rendered":"<div class=\"wpb-content-wrapper\"><p>[vc_row css=\u00a0\u00bb.vc_custom_1724354345144{padding-top: 100px !important;padding-bottom: 100px !important;}\u00a0\u00bb][vc_column][vc_custom_heading text=\u00a0\u00bbCette page est en construction\u00a0\u00bb font_container=\u00a0\u00bbtag:h2|text_align:center|color:%23222222&Prime; use_theme_fonts=\u00a0\u00bbyes\u00a0\u00bb css=\u00a0\u00bb\u00a0\u00bb][vc_column_text css=\u00a0\u00bb\u00a0\u00bb]<\/p>\n<p style=\"text-align: center;\">Nous sommes d\u00e9sol\u00e9s, mais cette page est en construction et sera disponible d\u00e8s que possible. Veuillez revenir plus tard.<\/p>\n<p style=\"text-align: center;\"><a href=\"https:\/\/zaritsky.ca\/fr\/\">Aller \u00e0 l&rsquo;accueil<\/a>.<\/p>\n<p>[\/vc_column_text][\/vc_column][\/vc_row]<\/p>\n<\/div>","protected":false},"excerpt":{"rendered":"<p>[vc_row css=\u00a0\u00bb.vc_custom_1724354345144{padding-top: 100px !important;padding-bottom: 100px !important;}\u00a0\u00bb][vc_column][vc_custom_heading text=\u00a0\u00bbCette page est en construction\u00a0\u00bb font_container=\u00a0\u00bbtag:h2|text_align:center|color:%23222222&Prime; use_theme_fonts=\u00a0\u00bbyes\u00a0\u00bb css=\u00a0\u00bb\u00a0\u00bb][vc_column_text css=\u00a0\u00bb\u00a0\u00bb] Nous sommes d\u00e9sol\u00e9s, mais cette page est en construction et sera disponible d\u00e8s que possible. &#8230; <a title=\"En construction\" class=\"read-more\" href=\"https:\/\/zaritsky.ca\/fr\/en-construction\/\" aria-label=\"En savoir plus sur En construction\"> <\/a><\/p>\n","protected":false},"author":1,"featured_media":0,"parent":0,"menu_order":0,"comment_status":"closed","ping_status":"closed","template":"","meta":{"inline_featured_image":false,"footnotes":""},"class_list":["post-720","page","type-page","status-publish"],"_links":{"self":[{"href":"https:\/\/zaritsky.ca\/fr\/wp-json\/wp\/v2\/pages\/720","targetHints":{"allow":["GET"]}}],"collection":[{"href":"https:\/\/zaritsky.ca\/fr\/wp-json\/wp\/v2\/pages"}],"about":[{"href":"https:\/\/zaritsky.ca\/fr\/wp-json\/wp\/v2\/types\/page"}],"author":[{"embeddable":true,"href":"https:\/\/zaritsky.ca\/fr\/wp-json\/wp\/v2\/users\/1"}],"replies":[{"embeddable":true,"href":"https:\/\/zaritsky.ca\/fr\/wp-json\/wp\/v2\/comments?post=720"}],"version-history":[{"count":2,"href":"https:\/\/zaritsky.ca\/fr\/wp-json\/wp\/v2\/pages\/720\/revisions"}],"predecessor-version":[{"id":722,"href":"https:\/\/zaritsky.ca\/fr\/wp-json\/wp\/v2\/pages\/720\/revisions\/722"}],"wp:attachment":[{"href":"https:\/\/zaritsky.ca\/fr\/wp-json\/wp\/v2\/media?parent=720"}],"curies":[{"name":"wp","href":"https:\/\/api.w.org\/{rel}","templated":true}]}}