{"id":685,"date":"2024-05-29T13:05:22","date_gmt":"2024-05-29T17:05:22","guid":{"rendered":"https:\/\/zaritsky.ca\/accueil\/"},"modified":"2025-10-10T06:38:20","modified_gmt":"2025-10-10T10:38:20","slug":"accueil","status":"publish","type":"page","link":"https:\/\/zaritsky.ca\/fr\/","title":{"rendered":"Accueil"},"content":{"rendered":"<div class=\"wpb-content-wrapper\"><p>[vc_row][vc_column]\n\t\t\t<!-- START Slider 1 REVOLUTION SLIDER 6.7.37 --><p class=\"rs-p-wp-fix\"><\/p>\n\t\t\t<rs-module-wrap id=\"rev_slider_1_1_wrapper\" data-source=\"gallery\" style=\"visibility:hidden;background:transparent;padding:0;margin:0px auto;margin-top:0;margin-bottom:0;\">\n\t\t\t\t<rs-module id=\"rev_slider_1_1\" style=\"\" data-version=\"6.7.37\">\n\t\t\t\t\t<rs-slides style=\"overflow: hidden; position: absolute;\">\n\t\t\t\t\t\t<rs-slide style=\"position: absolute;\" data-key=\"rs-5\" data-title=\"Slide\" data-in=\"o:0;\" data-out=\"a:false;\">\n\t\t\t\t\t\t\t<img decoding=\"async\" src=\"\/\/zaritsky.ca\/wp-content\/plugins\/revslider\/sr6\/assets\/assets\/dummy.png\" alt=\"Slide\" title=\"slider_bg-min\" width=\"1920\" height=\"900\" class=\"rev-slidebg tp-rs-img rs-lazyload\" data-lazyload=\"\/\/zaritsky.ca\/wp-content\/plugins\/revslider\/sr6\/assets\/assets\/transparent.png\" data-no-retina>\n<!--\n\t\t\t\t\t\t\t--><rs-layer\n\t\t\t\t\t\t\t\tid=\"slider-1-slide-5-layer-4\" \n\t\t\t\t\t\t\t\tdata-type=\"text\"\n\t\t\t\t\t\t\t\tdata-rsp_ch=\"on\"\n\t\t\t\t\t\t\t\tdata-xy=\"xo:0,0,0,20px;yo:202px,202px,202px,60px;\"\n\t\t\t\t\t\t\t\tdata-text=\"w:normal;s:24;l:24;\"\n\t\t\t\t\t\t\t\tdata-frame_0=\"x:-50,-50,-50,-52px;y:0,0,0,0px;\"\n\t\t\t\t\t\t\t\tdata-frame_1=\"x:0,0,0,0px;y:0,0,0,0px;st:500;sp:1000;sR:500;\"\n\t\t\t\t\t\t\t\tdata-frame_999=\"o:0;st:w;sR:7500;\"\n\t\t\t\t\t\t\t\tstyle=\"z-index:9;font-family:'Poppins';\"\n\t\t\t\t\t\t\t>Randi Zaritsky LL.L., LL.B. \n\t\t\t\t\t\t\t<\/rs-layer><!--\n\n\t\t\t\t\t\t\t--><rs-layer\n\t\t\t\t\t\t\t\tid=\"slider-1-slide-5-layer-5\" \n\t\t\t\t\t\t\t\tdata-type=\"shape\"\n\t\t\t\t\t\t\t\tdata-rsp_ch=\"on\"\n\t\t\t\t\t\t\t\tdata-xy=\"xo:0,0,0,20px;y:m,m,m,b;yo:-180px,-180px,-180px,480px;\"\n\t\t\t\t\t\t\t\tdata-text=\"w:normal;s:20,20,20,7;l:0,0,0,9;\"\n\t\t\t\t\t\t\t\tdata-dim=\"w:100px;h:3px;\"\n\t\t\t\t\t\t\t\tdata-border=\"bos:solid;boc:#ffcc00;bow:1px,1px,1px,1px;\"\n\t\t\t\t\t\t\t\tdata-frame_0=\"x:-50,-50,-50,-19;\"\n\t\t\t\t\t\t\t\tdata-frame_1=\"sp:1000;\"\n\t\t\t\t\t\t\t\tdata-frame_999=\"o:0;st:w;sR:8000;\"\n\t\t\t\t\t\t\t\tstyle=\"z-index:10;background-color:#ffcc00;\"\n\t\t\t\t\t\t\t> \n\t\t\t\t\t\t\t<\/rs-layer><!--\n\n\t\t\t\t\t\t\t--><rs-layer\n\t\t\t\t\t\t\t\tid=\"slider-1-slide-5-layer-6\" \n\t\t\t\t\t\t\t\tdata-type=\"text\"\n\t\t\t\t\t\t\t\tdata-rsp_ch=\"on\"\n\t\t\t\t\t\t\t\tdata-xy=\"xo:0,0,0,20px;y:m;yo:-78px,-78px,-78px,-122px;\"\n\t\t\t\t\t\t\t\tdata-text=\"w:normal;s:52,52,52,42;l:52,52,52,46;\"\n\t\t\t\t\t\t\t\tdata-dim=\"w:auto,auto,auto,360px;\"\n\t\t\t\t\t\t\t\tdata-frame_0=\"y:100%;\"\n\t\t\t\t\t\t\t\tdata-frame_0_mask=\"u:t;\"\n\t\t\t\t\t\t\t\tdata-frame_1=\"st:1000;sp:1200;sR:1000;\"\n\t\t\t\t\t\t\t\tdata-frame_1_mask=\"u:t;\"\n\t\t\t\t\t\t\t\tdata-frame_999=\"o:0;st:w;sR:6800;\"\n\t\t\t\t\t\t\t\tstyle=\"z-index:8;font-family:'Merriweather';\"\n\t\t\t\t\t\t\t>Avocat de la d\u00e9fense p\u00e9nale \n\t\t\t\t\t\t\t<\/rs-layer><!--\n\n\t\t\t\t\t\t\t--><rs-layer\n\t\t\t\t\t\t\t\tid=\"slider-1-slide-5-layer-7\" \n\t\t\t\t\t\t\t\tdata-type=\"text\"\n\t\t\t\t\t\t\t\tdata-rsp_ch=\"on\"\n\t\t\t\t\t\t\t\tdata-xy=\"xo:0,0,0,20px;yo:333px,333px,333px,199px;\"\n\t\t\t\t\t\t\t\tdata-text=\"w:normal;s:20,20,20,16;l:32,32,32,28;\"\n\t\t\t\t\t\t\t\tdata-dim=\"w:650px,650px,650px,260px;\"\n\t\t\t\t\t\t\t\tdata-frame_0=\"x:0,0,0,0px;y:0,0,0,0px;\"\n\t\t\t\t\t\t\t\tdata-frame_1=\"x:0,0,0,0px;y:0,0,0,0px;e:power4.inOut;st:1500;sp:1500;sR:1500;\"\n\t\t\t\t\t\t\t\tdata-frame_999=\"o:0;st:w;sR:6000;\"\n\t\t\t\t\t\t\t\tstyle=\"z-index:7;font-family:'Roboto';\"\n\t\t\t\t\t\t\t>Avec plus de 20 ans de d\u00e9vouement ind\u00e9fectible \u00e0 la d\u00e9fense juridique, Randi Zaritsky est une d\u00e9fenseure in\u00e9branlable dans le domaine du droit p\u00e9nal, aidant les accus\u00e9s \u00e0 naviguer dans les complexit\u00e9s du paysage juridique avec comp\u00e9tence et t\u00e9nacit\u00e9. \n\t\t\t\t\t\t\t<\/rs-layer><!--\n\n\t\t\t\t\t\t\t--><a\n\t\t\t\t\t\t\t\tid=\"slider-1-slide-5-layer-8\" \n\t\t\t\t\t\t\t\tclass=\"rs-layer rev-btn\"\n\t\t\t\t\t\t\t\thref=\"tel:5149441737\" target=\"_self\"\n\t\t\t\t\t\t\t\tdata-type=\"button\"\n\t\t\t\t\t\t\t\tdata-color=\"#222222\"\n\t\t\t\t\t\t\t\tdata-rsp_ch=\"on\"\n\t\t\t\t\t\t\t\tdata-xy=\"xo:0,0,0,20px;yo:489px,489px,489px,417px;\"\n\t\t\t\t\t\t\t\tdata-text=\"w:normal;s:16;l:16;fw:500;\"\n\t\t\t\t\t\t\t\tdata-dim=\"minh:0px,0px,0px,none;\"\n\t\t\t\t\t\t\t\tdata-padding=\"t:20;r:35;b:20;l:35;\"\n\t\t\t\t\t\t\t\tdata-border=\"bos:solid;boc:#ffcc00;bow:1px,1px,1px,1px;\"\n\t\t\t\t\t\t\t\tdata-frame_0=\"x:0,0,0,0px;y:50,50,50,50px;\"\n\t\t\t\t\t\t\t\tdata-frame_1=\"x:0,0,0,0px;y:0,0,0,0px;st:2000;sp:1000;sR:2000;\"\n\t\t\t\t\t\t\t\tdata-frame_999=\"o:0;st:w;sR:6000;\"\n\t\t\t\t\t\t\t\tdata-frame_hover=\"c:#ffcc00;bgc:transparent;boc:#ffcc00;bor:0px,0px,0px,0px;bos:solid;bow:1px,1px,1px,1px;bri:120%;\"\n\t\t\t\t\t\t\t\tstyle=\"z-index:6;background-color:#ffcc00;font-family:'Roboto';\"\n\t\t\t\t\t\t\t><i class=\"fa-solid fa-phone\"><\/i> &nbsp; (514) 944-1737 \n\t\t\t\t\t\t\t<\/a><!--\n-->\t\t\t\t\t<\/rs-slide>\n\t\t\t\t\t<\/rs-slides>\n\t\t\t\t\t<rs-static-layers class=\"rs-stl-back \"><!--\n\n\t\t\t\t\t\t\t--><rs-layer\n\t\t\t\t\t\t\t\tid=\"slider-1-slide-1-layer-2\" \n\t\t\t\t\t\t\t\tclass=\"rs-layer-static\"\n\t\t\t\t\t\t\t\tdata-type=\"image\"\n\t\t\t\t\t\t\t\tdata-rsp_ch=\"on\"\n\t\t\t\t\t\t\t\tdata-xy=\"x:c;y:m;\"\n\t\t\t\t\t\t\t\tdata-text=\"w:normal;s:20,20,20,7;l:0,0,0,9;\"\n\t\t\t\t\t\t\t\tdata-dim=\"w:[&#039;100%&#039;,&#039;100%&#039;,&#039;100%&#039;,&#039;100%&#039;];h:[&#039;100%&#039;,&#039;100%&#039;,&#039;100%&#039;,&#039;100%&#039;];\"\n\t\t\t\t\t\t\t\tdata-basealign=\"slide\"\n\t\t\t\t\t\t\t\tdata-onslides=\"s:1;\"\n\t\t\t\t\t\t\t\tdata-frame_999=\"o:0;st:w;\"\n\t\t\t\t\t\t\t\tstyle=\"z-index:5;\"\n\t\t\t\t\t\t\t><img decoding=\"async\" src=\"\/\/zaritsky.ca\/wp-content\/plugins\/revslider\/sr6\/assets\/assets\/dummy.png\" alt=\"\" class=\"tp-rs-img rs-lazyload\" width=\"1920\" height=\"900\" data-lazyload=\"\/\/zaritsky.ca\/wp-content\/uploads\/2024\/05\/slider_bg-min.jpg\" data-c=\"cover-proportional\" data-no-retina> \n\t\t\t\t\t\t\t<\/rs-layer><!--\n\n\t\t\t\t\t\t\t--><rs-layer\n\t\t\t\t\t\t\t\tid=\"slider-1-slide-1-layer-3\" \n\t\t\t\t\t\t\t\tclass=\"rs-layer-static\"\n\t\t\t\t\t\t\t\tdata-type=\"image\"\n\t\t\t\t\t\t\t\tdata-rsp_ch=\"on\"\n\t\t\t\t\t\t\t\tdata-xy=\"x:r;xo:-130px,-130px,-130px,-120px;y:b;yo:0,0,0,-1px;\"\n\t\t\t\t\t\t\t\tdata-text=\"w:normal;s:20,20,20,7;l:0,0,0,9;\"\n\t\t\t\t\t\t\t\tdata-dim=\"w:800px,800px,800px,412px;h:715px,715px,715px,368px;\"\n\t\t\t\t\t\t\t\tdata-onslides=\"s:1;\"\n\t\t\t\t\t\t\t\tdata-frame_999=\"o:0;st:w;\"\n\t\t\t\t\t\t\t\tstyle=\"z-index:6;\"\n\t\t\t\t\t\t\t><img decoding=\"async\" src=\"\/\/zaritsky.ca\/wp-content\/plugins\/revslider\/sr6\/assets\/assets\/dummy.png\" alt=\"Randi Zartisky\" class=\"tp-rs-img rs-lazyload\" width=\"800\" height=\"715\" data-lazyload=\"\/\/zaritsky.ca\/wp-content\/uploads\/2024\/05\/randi-zartisky-min.png\" data-no-retina> \n\t\t\t\t\t\t\t<\/rs-layer><!--\n\t\t\t\t\t--><\/rs-static-layers>\n\t\t\t\t<\/rs-module>\n\t\t\t\t<script>\n\t\t\t\t\tsetREVStartSize({c: 'rev_slider_1_1',rl:[1240,1240,1240,480],el:[720,720,720,520],gw:[1240,1240,1240,480],gh:[720,720,720,520],type:'standard',justify:'',layout:'fullwidth',mh:\"0\"});if (window.RS_MODULES!==undefined && window.RS_MODULES.modules!==undefined && window.RS_MODULES.modules[\"revslider11\"]!==undefined) {window.RS_MODULES.modules[\"revslider11\"].once = false;window.revapi1 = undefined;if (window.RS_MODULES.checkMinimal!==undefined) window.RS_MODULES.checkMinimal()}\n\t\t\t\t<\/script>\n\t\t\t<\/rs-module-wrap>\n\t\t\t<!-- END REVOLUTION SLIDER -->\n[\/vc_column][\/vc_row][vc_row full_width=\u00a0\u00bbstretch_row\u00a0\u00bb css=\u00a0\u00bb.vc_custom_1726147021289{padding-top: 50px !important;padding-bottom: 100px !important;background-image: url(https:\/\/zaritsky.ca\/wp-content\/uploads\/2024\/06\/bg-min.jpg?id=221) !important;background-position: center !important;background-repeat: no-repeat !important;background-size: cover !important;}\u00a0\u00bb][vc_column][vc_separator color=\u00a0\u00bbcustom\u00a0\u00bb border_width=\u00a0\u00bb2&Prime; el_width=\u00a0\u00bb10&Prime; css=\u00a0\u00bb.vc_custom_1717421409911{margin-bottom: 20px !important;}\u00a0\u00bb accent_color=\u00a0\u00bb#b79d5b\u00a0\u00bb][vc_custom_heading text=\u00a0\u00bbRANDI ZARITSKY LL.L., LL.B.\u00a0\u00bb font_container=\u00a0\u00bbtag:h6|font_size:18px|text_align:center|color:%23b79d5b\u00a0\u00bb use_theme_fonts=\u00a0\u00bbyes\u00a0\u00bb css=\u00a0\u00bb\u00a0\u00bb][vc_custom_heading text=\u00a0\u00bbServices de droit criminel\u00a0\u00bb font_container=\u00a0\u00bbtag:h2|text_align:center|color:%2301476a\u00a0\u00bb use_theme_fonts=\u00a0\u00bbyes\u00a0\u00bb css=\u00a0\u00bb\u00a0\u00bb][vc_row_inner equal_height=\u00a0\u00bbyes\u00a0\u00bb css=\u00a0\u00bb.vc_custom_1717422246623{margin-top: 50px !important;}\u00a0\u00bb][vc_column_inner width=\u00a0\u00bb1\/4&Prime; css=\u00a0\u00bb.vc_custom_1717422613851{border-top-width: 1px !important;border-right-width: 1px !important;border-bottom-width: 1px !important;border-left-width: 1px !important;padding-top: 30px !important;padding-bottom: 30px !important;border-left-style: solid !important;border-right-style: solid !important;border-top-style: solid !important;border-bottom-style: solid !important;border-color: #e2d7bd !important;}\u00a0\u00bb el_id=\u00a0\u00bbfeature-box\u00a0\u00bb][vc_single_image image=\u00a0\u00bb683&Prime; img_size=\u00a0\u00bbfull\u00a0\u00bb alignment=\u00a0\u00bbcenter\u00a0\u00bb onclick=\u00a0\u00bbcustom_link\u00a0\u00bb css=\u00a0\u00bb\u00a0\u00bb el_id=\u00a0\u00bbza-icon\u00a0\u00bb link=\u00a0\u00bbhttps:\/\/zaritsky.ca\/fr\/avocate-en-droit-criminel-a-montreal-specialisee-dans-les-infractions-sexuelles-randi-zaritsky\/\u00a0\u00bb][vc_custom_heading text=\u00a0\u00bbInfractions sexuelles\u00a0\u00bb font_container=\u00a0\u00bbtag:h5|text_align:center|color:%2301476a\u00a0\u00bb use_theme_fonts=\u00a0\u00bbyes\u00a0\u00bb css=\u00a0\u00bb\u00a0\u00bb link=\u00a0\u00bburl:https%3A%2F%2Fzaritsky.ca%2Ffr%2Favocate-en-droit-criminel-a-montreal-specialisee-dans-les-infractions-sexuelles-randi-zaritsky%2F|\u00a0\u00bb][\/vc_column_inner][vc_column_inner width=\u00a0\u00bb1\/4&Prime; css=\u00a0\u00bb.vc_custom_1717422618437{border-top-width: 1px !important;border-right-width: 1px !important;border-bottom-width: 1px !important;border-left-width: 1px !important;padding-top: 30px !important;padding-bottom: 30px !important;border-left-style: solid !important;border-right-style: solid !important;border-top-style: solid !important;border-bottom-style: solid !important;border-color: #e2d7bd !important;}\u00a0\u00bb el_id=\u00a0\u00bbfeature-box\u00a0\u00bb][vc_single_image image=\u00a0\u00bb683&Prime; img_size=\u00a0\u00bbfull\u00a0\u00bb alignment=\u00a0\u00bbcenter\u00a0\u00bb css=\u00a0\u00bb\u00a0\u00bb el_id=\u00a0\u00bbza-icon\u00a0\u00bb][vc_custom_heading text=\u00a0\u00bbMenaces\u00a0\u00bb font_container=\u00a0\u00bbtag:h5|text_align:center|color:%2301476a\u00a0\u00bb use_theme_fonts=\u00a0\u00bbyes\u00a0\u00bb css=\u00a0\u00bb\u00a0\u00bb][\/vc_column_inner][vc_column_inner width=\u00a0\u00bb1\/4&Prime; css=\u00a0\u00bb.vc_custom_1717422623521{border-top-width: 1px !important;border-right-width: 1px !important;border-bottom-width: 1px !important;border-left-width: 1px !important;padding-top: 30px !important;padding-bottom: 30px !important;border-left-style: solid !important;border-right-style: solid !important;border-top-style: solid !important;border-bottom-style: solid !important;border-color: #e2d7bd !important;}\u00a0\u00bb el_id=\u00a0\u00bbfeature-box\u00a0\u00bb][vc_single_image image=\u00a0\u00bb683&Prime; img_size=\u00a0\u00bbfull\u00a0\u00bb alignment=\u00a0\u00bbcenter\u00a0\u00bb css=\u00a0\u00bb\u00a0\u00bb el_id=\u00a0\u00bbza-icon\u00a0\u00bb][vc_custom_heading text=\u00a0\u00bbVols\u00a0\u00bb font_container=\u00a0\u00bbtag:h5|text_align:center|color:%2301476a\u00a0\u00bb use_theme_fonts=\u00a0\u00bbyes\u00a0\u00bb css=\u00a0\u00bb\u00a0\u00bb][\/vc_column_inner][vc_column_inner width=\u00a0\u00bb1\/4&Prime; css=\u00a0\u00bb.vc_custom_1717422628259{border-top-width: 1px !important;border-right-width: 1px !important;border-bottom-width: 1px !important;border-left-width: 1px !important;padding-top: 30px !important;padding-bottom: 30px !important;border-left-style: solid !important;border-right-style: solid !important;border-top-style: solid !important;border-bottom-style: solid !important;border-color: #e2d7bd !important;}\u00a0\u00bb el_id=\u00a0\u00bbfeature-box\u00a0\u00bb][vc_single_image image=\u00a0\u00bb683&Prime; img_size=\u00a0\u00bbfull\u00a0\u00bb alignment=\u00a0\u00bbcenter\u00a0\u00bb css=\u00a0\u00bb\u00a0\u00bb el_id=\u00a0\u00bbza-icon\u00a0\u00bb][vc_custom_heading text=\u00a0\u00bbInfractions li\u00e9es aux drogues\u00a0\u00bb font_container=\u00a0\u00bbtag:h5|text_align:center|color:%2301476a\u00a0\u00bb use_theme_fonts=\u00a0\u00bbyes\u00a0\u00bb css=\u00a0\u00bb\u00a0\u00bb][\/vc_column_inner][\/vc_row_inner][vc_row_inner equal_height=\u00a0\u00bbyes\u00a0\u00bb][vc_column_inner width=\u00a0\u00bb1\/4&Prime; css=\u00a0\u00bb.vc_custom_1717422695550{border-top-width: 1px !important;border-right-width: 1px !important;border-bottom-width: 1px !important;border-left-width: 1px !important;padding-top: 30px !important;padding-bottom: 30px !important;border-left-style: solid !important;border-right-style: solid !important;border-top-style: solid !important;border-bottom-style: solid !important;border-color: #e2d7bd !important;}\u00a0\u00bb el_id=\u00a0\u00bbfeature-box\u00a0\u00bb][vc_single_image image=\u00a0\u00bb683&Prime; img_size=\u00a0\u00bbfull\u00a0\u00bb alignment=\u00a0\u00bbcenter\u00a0\u00bb css=\u00a0\u00bb\u00a0\u00bb el_id=\u00a0\u00bbza-icon\u00a0\u00bb][vc_custom_heading text=\u00a0\u00bbInfractions relatives aux armes\u00a0\u00bb font_container=\u00a0\u00bbtag:h5|text_align:center|color:%2301476a\u00a0\u00bb use_theme_fonts=\u00a0\u00bbyes\u00a0\u00bb css=\u00a0\u00bb\u00a0\u00bb][\/vc_column_inner][vc_column_inner width=\u00a0\u00bb1\/4&Prime; css=\u00a0\u00bb.vc_custom_1717422698525{border-top-width: 1px !important;border-right-width: 1px !important;border-bottom-width: 1px !important;border-left-width: 1px !important;padding-top: 30px !important;padding-bottom: 30px !important;border-left-style: solid !important;border-right-style: solid !important;border-top-style: solid !important;border-bottom-style: solid !important;border-color: #e2d7bd !important;}\u00a0\u00bb el_id=\u00a0\u00bbfeature-box\u00a0\u00bb][vc_single_image image=\u00a0\u00bb683&Prime; img_size=\u00a0\u00bbfull\u00a0\u00bb alignment=\u00a0\u00bbcenter\u00a0\u00bb css=\u00a0\u00bb\u00a0\u00bb el_id=\u00a0\u00bbza-icon\u00a0\u00bb][vc_custom_heading text=\u00a0\u00bbVoies de fait\u00a0\u00bb font_container=\u00a0\u00bbtag:h5|text_align:center|color:%2301476a\u00a0\u00bb use_theme_fonts=\u00a0\u00bbyes\u00a0\u00bb css=\u00a0\u00bb\u00a0\u00bb][\/vc_column_inner][vc_column_inner width=\u00a0\u00bb1\/4&Prime; css=\u00a0\u00bb.vc_custom_1717422702076{border-top-width: 1px !important;border-right-width: 1px !important;border-bottom-width: 1px !important;border-left-width: 1px !important;padding-top: 30px !important;padding-bottom: 30px !important;border-left-style: solid !important;border-right-style: solid !important;border-top-style: solid !important;border-bottom-style: solid !important;border-color: #e2d7bd !important;}\u00a0\u00bb el_id=\u00a0\u00bbfeature-box\u00a0\u00bb][vc_single_image image=\u00a0\u00bb683&Prime; img_size=\u00a0\u00bbfull\u00a0\u00bb alignment=\u00a0\u00bbcenter\u00a0\u00bb css=\u00a0\u00bb\u00a0\u00bb el_id=\u00a0\u00bbza-icon\u00a0\u00bb][vc_custom_heading text=\u00a0\u00bbM\u00e9fait\u00a0\u00bb font_container=\u00a0\u00bbtag:h5|text_align:center|color:%2301476a\u00a0\u00bb use_theme_fonts=\u00a0\u00bbyes\u00a0\u00bb css=\u00a0\u00bb\u00a0\u00bb][\/vc_column_inner][vc_column_inner width=\u00a0\u00bb1\/4&Prime; css=\u00a0\u00bb.vc_custom_1717422705114{border-top-width: 1px !important;border-right-width: 1px !important;border-bottom-width: 1px !important;border-left-width: 1px !important;padding-top: 30px !important;padding-bottom: 30px !important;border-left-style: solid !important;border-right-style: solid !important;border-top-style: solid !important;border-bottom-style: solid !important;border-color: #e2d7bd !important;}\u00a0\u00bb el_id=\u00a0\u00bbfeature-box\u00a0\u00bb][vc_single_image image=\u00a0\u00bb683&Prime; img_size=\u00a0\u00bbfull\u00a0\u00bb alignment=\u00a0\u00bbcenter\u00a0\u00bb css=\u00a0\u00bb\u00a0\u00bb el_id=\u00a0\u00bbza-icon\u00a0\u00bb][vc_custom_heading text=\u00a0\u00bbJustice p\u00e9nale pour les adolescents\u00a0\u00bb font_container=\u00a0\u00bbtag:h5|text_align:center|color:%2301476a\u00a0\u00bb use_theme_fonts=\u00a0\u00bbyes\u00a0\u00bb css=\u00a0\u00bb\u00a0\u00bb][\/vc_column_inner][\/vc_row_inner][vc_row_inner css=\u00a0\u00bb.vc_custom_1717423165592{margin-top: 50px !important;}\u00a0\u00bb][vc_column_inner width=\u00a0\u00bb1\/6&Prime;][\/vc_column_inner][vc_column_inner width=\u00a0\u00bb2\/3&Prime;][vc_custom_heading text=\u00a0\u00bbLa gamme de services juridiques et professionnels que je fournis est guid\u00e9e par l&apos;id\u00e9e que les limites du droit ne sont limit\u00e9es que par l&apos;imagination.\u00a0\u00bb font_container=\u00a0\u00bbtag:p|font_size:18px|text_align:center|color:%2301476a\u00a0\u00bb use_theme_fonts=\u00a0\u00bbyes\u00a0\u00bb css=\u00a0\u00bb\u00a0\u00bb][vc_empty_space height=\u00a0\u00bb30px\u00a0\u00bb][mvc_advanced_button align=\u00a0\u00bbcenter\u00a0\u00bb btn_text=\u00a0\u00bbCONSULTATION GRATUITE\u00a0\u00bb padding_top=\u00a0\u00bb20&Prime; padding_left=\u00a0\u00bb50&Prime; btn_size=\u00a0\u00bb16&Prime; icon_size=\u00a0\u00bb16&Prime; icon_space=\u00a0\u00bb10&Prime; use_theme_fonts=\u00a0\u00bbyes\u00a0\u00bb classname=\u00a0\u00bbza-btn free-consultation-btn\u00a0\u00bb btn_clr=\u00a0\u00bb#ffffff\u00a0\u00bb btn_bg=\u00a0\u00bb#b79d5b\u00a0\u00bb btn_hvrclr=\u00a0\u00bb#ffffff\u00a0\u00bb btn_hvrbg=\u00a0\u00bb#01476a\u00a0\u00bb caption_url=\u00a0\u00bb\u00a0\u00bb caption_urls=\u00a0\u00bb\u00a0\u00bb caption_urlss=\u00a0\u00bb\u00a0\u00bb][\/vc_column_inner][vc_column_inner width=\u00a0\u00bb1\/6&Prime;][\/vc_column_inner][\/vc_row_inner][\/vc_column][\/vc_row][vc_row full_width=\u00a0\u00bbstretch_row\u00a0\u00bb css=\u00a0\u00bb.vc_custom_1726146850134{padding-top: 50px !important;padding-bottom: 100px !important;background-image: url(https:\/\/zaritsky.ca\/wp-content\/uploads\/2024\/06\/bg2-min.jpg?id=275) !important;background-position: center !important;background-repeat: no-repeat !important;background-size: cover !important;}\u00a0\u00bb][vc_column width=\u00a0\u00bb2\/3&Prime;][vc_separator color=\u00a0\u00bbcustom\u00a0\u00bb align=\u00a0\u00bbalign_left\u00a0\u00bb border_width=\u00a0\u00bb2&Prime; el_width=\u00a0\u00bb10&Prime; css=\u00a0\u00bb.vc_custom_1717424393038{margin-bottom: 20px !important;}\u00a0\u00bb accent_color=\u00a0\u00bb#ffcc00&Prime;][vc_custom_heading text=\u00a0\u00bbRANDI ZARITSKY LL.L., LL.B.\u00a0\u00bb font_container=\u00a0\u00bbtag:h6|font_size:18px|text_align:left|color:%23ffcc00&Prime; use_theme_fonts=\u00a0\u00bbyes\u00a0\u00bb css=\u00a0\u00bb.vc_custom_1717424621859{margin-bottom: 20px !important;}\u00a0\u00bb][vc_custom_heading text=\u00a0\u00bbEngagement envers l&apos;excellence : service et \u00e9thique in\u00e9gal\u00e9s\u00a0\u00bb font_container=\u00a0\u00bbtag:h2|text_align:left|color:%23ffffff\u00a0\u00bb use_theme_fonts=\u00a0\u00bbyes\u00a0\u00bb css=\u00a0\u00bb.vc_custom_1717424564515{margin-bottom: 30px !important;}\u00a0\u00bb][vc_custom_heading text=\u00a0\u00bbMa philosophie durable est de fournir \u00e0 chaque client, quelle que soit l&apos;importance relative de l&apos;enjeu, un service qui n&apos;a d&apos;\u00e9gal en qualit\u00e9, professionnalisme et standard \u00e9thique.\u00a0\u00bb font_container=\u00a0\u00bbtag:p|font_size:18px|text_align:left|color:%23ffffff\u00a0\u00bb use_theme_fonts=\u00a0\u00bbyes\u00a0\u00bb css=\u00a0\u00bb\u00a0\u00bb][vc_custom_heading text=\u00a0\u00bbAvez-vous \u00e9t\u00e9 arr\u00eat\u00e9(e)\u202f? Appelez d\u00e8s maintenant au (514) 944\u20111737.<br \/>Je me battrai pour vous. Avec un bilan \u00e9prouv\u00e9 de succ\u00e8s dans les affaires criminelles, l\u2019avocat en d\u00e9fense criminelle Randi Zaritsky peut vous accompagner \u00e0 chaque \u00e9tape du processus judiciaire.    \u00a0\u00bb font_container=\u00a0\u00bbtag:p|font_size:18px|text_align:left|color:%23ffffff\u00a0\u00bb use_theme_fonts=\u00a0\u00bbyes\u00a0\u00bb css=\u00a0\u00bb\u00a0\u00bb][vc_empty_space height=\u00a0\u00bb30px\u00a0\u00bb][mvc_advanced_button btn_text=\u00a0\u00bbAPPELEZ-MOI MAINTENANT !\u00a0\u00bb padding_top=\u00a0\u00bb15&Prime; padding_left=\u00a0\u00bb50&Prime; border_style=\u00a0\u00bbsolid\u00a0\u00bb border_width=\u00a0\u00bb1&Prime; btn_size=\u00a0\u00bb16&Prime; icon_size=\u00a0\u00bb16&Prime; icon_space=\u00a0\u00bb10&Prime; use_theme_fonts=\u00a0\u00bbyes\u00a0\u00bb btn_icon=\u00a0\u00bbfas fa-plus\u00a0\u00bb classname=\u00a0\u00bbza-btn\u00a0\u00bb btn_clr=\u00a0\u00bb#222222&Prime; btn_bg=\u00a0\u00bb#ffcc00&Prime; btn_hvrclr=\u00a0\u00bb#ffcc00&Prime; btn_hvrbg=\u00a0\u00bbrgba(1,71,106,0.01)\u00a0\u00bb btn_url=\u00a0\u00bburl:tel%3A5149441737|target:_blank|\u00a0\u00bb btn_border=\u00a0\u00bb#ffcc00&Prime;][\/vc_column][vc_column width=\u00a0\u00bb1\/3&Prime;][\/vc_column][\/vc_row][vc_row css=\u00a0\u00bb.vc_custom_1717426240999{margin-top: 50px !important;}\u00a0\u00bb][vc_column][vc_separator color=\u00a0\u00bbcustom\u00a0\u00bb border_width=\u00a0\u00bb2&Prime; el_width=\u00a0\u00bb10&Prime; css=\u00a0\u00bb.vc_custom_1717421409911{margin-bottom: 20px !important;}\u00a0\u00bb accent_color=\u00a0\u00bb#b79d5b\u00a0\u00bb][vc_custom_heading text=\u00a0\u00bbRANDI ZARITSKY LL.L., LL.B.\u00a0\u00bb font_container=\u00a0\u00bbtag:h6|font_size:18px|text_align:center|color:%23b79d5b\u00a0\u00bb use_theme_fonts=\u00a0\u00bbyes\u00a0\u00bb css=\u00a0\u00bb\u00a0\u00bb][vc_custom_heading text=\u00a0\u00bbAvocat criminaliste \u2013 Montr\u00e9al et Laval\u00a0\u00bb font_container=\u00a0\u00bbtag:h2|text_align:center|color:%2301476a\u00a0\u00bb use_theme_fonts=\u00a0\u00bbyes\u00a0\u00bb css=\u00a0\u00bb\u00a0\u00bb][\/vc_column][\/vc_row][vc_row full_width=\u00a0\u00bbstretch_row_content\u00a0\u00bb content_placement=\u00a0\u00bbmiddle\u00a0\u00bb css=\u00a0\u00bb.vc_custom_1717426246684{margin-top: 30px !important;}\u00a0\u00bb][vc_column][vc_single_image image=\u00a0\u00bb684&Prime; img_size=\u00a0\u00bbfull\u00a0\u00bb alignment=\u00a0\u00bbcenter\u00a0\u00bb css=\u00a0\u00bb.vc_custom_1717426358600{margin-bottom: 15px !important;}\u00a0\u00bb][\/vc_column][\/vc_row]<\/p>\n<\/div>","protected":false},"excerpt":{"rendered":"<p>[vc_row][vc_column][\/vc_column][\/vc_row][vc_row full_width=\u00a0\u00bbstretch_row\u00a0\u00bb css=\u00a0\u00bb.vc_custom_1726147021289{padding-top: 50px !important;padding-bottom: 100px !important;background-image: url(https:\/\/zaritsky.ca\/wp-content\/uploads\/2024\/06\/bg-min.jpg?id=221) !important;background-position: center !important;background-repeat: no-repeat !important;background-size: cover !important;}\u00a0\u00bb][vc_column][vc_separator color=\u00a0\u00bbcustom\u00a0\u00bb border_width=\u00a0\u00bb2&Prime; el_width=\u00a0\u00bb10&Prime; css=\u00a0\u00bb.vc_custom_1717421409911{margin-bottom: 20px !important;}\u00a0\u00bb accent_color=\u00a0\u00bb#b79d5b\u00a0\u00bb][vc_custom_heading text=\u00a0\u00bbRANDI ZARITSKY LL.L., LL.B.\u00a0\u00bb font_container=\u00a0\u00bbtag:h6|font_size:18px|text_align:center|color:%23b79d5b\u00a0\u00bb use_theme_fonts=\u00a0\u00bbyes\u00a0\u00bb css=\u00a0\u00bb\u00a0\u00bb][vc_custom_heading text=\u00a0\u00bbServices &#8230; <a title=\"Accueil\" class=\"read-more\" href=\"https:\/\/zaritsky.ca\/fr\/\" aria-label=\"En savoir plus sur Accueil\"> <\/a><\/p>\n","protected":false},"author":1,"featured_media":0,"parent":0,"menu_order":0,"comment_status":"closed","ping_status":"closed","template":"","meta":{"inline_featured_image":false,"footnotes":""},"class_list":["post-685","page","type-page","status-publish"],"_links":{"self":[{"href":"https:\/\/zaritsky.ca\/fr\/wp-json\/wp\/v2\/pages\/685","targetHints":{"allow":["GET"]}}],"collection":[{"href":"https:\/\/zaritsky.ca\/fr\/wp-json\/wp\/v2\/pages"}],"about":[{"href":"https:\/\/zaritsky.ca\/fr\/wp-json\/wp\/v2\/types\/page"}],"author":[{"embeddable":true,"href":"https:\/\/zaritsky.ca\/fr\/wp-json\/wp\/v2\/users\/1"}],"replies":[{"embeddable":true,"href":"https:\/\/zaritsky.ca\/fr\/wp-json\/wp\/v2\/comments?post=685"}],"version-history":[{"count":56,"href":"https:\/\/zaritsky.ca\/fr\/wp-json\/wp\/v2\/pages\/685\/revisions"}],"predecessor-version":[{"id":1053,"href":"https:\/\/zaritsky.ca\/fr\/wp-json\/wp\/v2\/pages\/685\/revisions\/1053"}],"wp:attachment":[{"href":"https:\/\/zaritsky.ca\/fr\/wp-json\/wp\/v2\/media?parent=685"}],"curies":[{"name":"wp","href":"https:\/\/api.w.org\/{rel}","templated":true}]}}