{"id":1019,"date":"2025-10-09T06:51:22","date_gmt":"2025-10-09T10:51:22","guid":{"rendered":"https:\/\/zaritsky.ca\/services-entre-avocats-en-droit-criminel-au-quebec\/"},"modified":"2025-10-09T07:38:40","modified_gmt":"2025-10-09T11:38:40","slug":"services-entre-avocats-en-droit-criminel-au-quebec","status":"publish","type":"page","link":"https:\/\/zaritsky.ca\/fr\/services-entre-avocats-en-droit-criminel-au-quebec\/","title":{"rendered":"Services entre Avocats en Droit Criminel au Qu\u00e9bec"},"content":{"rendered":"<div class=\"wpb-content-wrapper\"><p>[vc_row full_width=\u00a0\u00bbstretch_row\u00a0\u00bb content_placement=\u00a0\u00bbmiddle\u00a0\u00bb css=\u00a0\u00bb.vc_custom_1717672936723{padding-top: 30px !important;padding-bottom: 30px !important;background-color: #01476a !important;}\u00a0\u00bb][vc_column css=\u00a0\u00bb.vc_custom_1717672969302{padding-top: 0px !important;}\u00a0\u00bb][vc_custom_heading text=\u00a0\u00bbServices entre Avocats en Droit Criminel au Qu\u00e9bec\u00a0\u00bb font_container=\u00a0\u00bbtag:h1|font_size:34px|text_align:left|color:%23ffffff\u00a0\u00bb use_theme_fonts=\u00a0\u00bbyes\u00a0\u00bb css=\u00a0\u00bb\u00a0\u00bb el_id=\u00a0\u00bbtxt-400&Prime;][vc_column_text css=\u00a0\u00bb.vc_custom_1760009752202{margin-bottom: 0px !important;}\u00a0\u00bb el_id=\u00a0\u00bbtxt-white\u00a0\u00bb]S\u2019int\u00e9grer harmonieusement \u00e0 votre pratique et renforcer votre dossier tout en vous permettant de conserver le plein contr\u00f4le de votre relation avec le client[\/vc_column_text][\/vc_column][\/vc_row][vc_row gap=\u00a0\u00bb30&Prime;][vc_column width=\u00a0\u00bb1\/3&Prime;][vc_single_image image=\u00a0\u00bb691&Prime; img_size=\u00a0\u00bbfull\u00a0\u00bb alignment=\u00a0\u00bbcenter\u00a0\u00bb style=\u00a0\u00bbvc_box_shadow\u00a0\u00bb css=\u00a0\u00bb\u00a0\u00bb][\/vc_column][vc_column width=\u00a0\u00bb2\/3&Prime;][vc_custom_heading text=\u00a0\u00bbSoutien Strat\u00e9gique en Droit Criminel pour les Professionnels du Droit\u00a0\u00bb font_container=\u00a0\u00bbtag:h2|text_align:left|color:%2301476a\u00a0\u00bb use_theme_fonts=\u00a0\u00bbyes\u00a0\u00bb css=\u00a0\u00bb.vc_custom_1760007003001{margin-bottom: 20px !important;}\u00a0\u00bb][vc_column_text css=\u00a0\u00bb\u00a0\u00bb]Lorsque votre dossier exige une expertise approfondie en droit criminel, une pr\u00e9cision tactique ou une repr\u00e9sentation locale fiable au Qu\u00e9bec, <strong>Me Randi Zaritsky<\/strong> est votre alli\u00e9 de confiance. Fort d\u2019une vaste exp\u00e9rience devant les tribunaux et d\u2019une compr\u00e9hension approfondie du droit criminel canadien, Me Zaritsky offre <strong>un soutien juridique sur mesure aux avocats<\/strong> \u2014 que vous ayez besoin d\u2019une consultation strat\u00e9gique, d\u2019une assistance en litige ou d\u2019un agent local de confiance. <\/p>\n<p>Pour discuter de la mani\u00e8re dont <strong>Me Randi Zaritsky<\/strong> peut renforcer votre dossier ou agir comme votre alli\u00e9 local au <strong>Qu\u00e9bec<\/strong>, appelez au <a href=\"tel:514-944-1737\">514-944-1737<\/a>. Que vous ayez besoin d\u2019une consultation rapide ou d\u2019un partenaire en salle d\u2019audience, Me Zaritsky est pr\u00eat \u00e0 vous aider \u00e0 obtenir les meilleurs r\u00e9sultats.[\/vc_column_text][mvc_advanced_button btn_text=\u00a0\u00bbDISCUTONS STRAT\u00c9GIE\u00a0\u00bb padding_top=\u00a0\u00bb20&Prime; padding_left=\u00a0\u00bb50&Prime; btn_size=\u00a0\u00bb16&Prime; icon_size=\u00a0\u00bb16&Prime; use_theme_fonts=\u00a0\u00bbyes\u00a0\u00bb btn_icon=\u00a0\u00bbfa fa-solid fa-plus\u00a0\u00bb btn_url=\u00a0\u00bburl:tel%3A5149441737|target:_blank|\u00a0\u00bb classname=\u00a0\u00bbza-btn\u00a0\u00bb btn_clr=\u00a0\u00bb#FFFFFF\u00a0\u00bb btn_bg=\u00a0\u00bb#B79D5B\u00a0\u00bb btn_hvrclr=\u00a0\u00bb#FFFFFF\u00a0\u00bb btn_hvrbg=\u00a0\u00bb#01476A\u00a0\u00bb][\/vc_column][\/vc_row][vc_row][vc_column][vc_separator color=\u00a0\u00bbcustom\u00a0\u00bb css=\u00a0\u00bb\u00a0\u00bb accent_color=\u00a0\u00bb#EEEEEE\u00a0\u00bb][\/vc_column][\/vc_row][vc_row][vc_column][vc_custom_heading text=\u00a0\u00bbDes Solutions Juridiques Collaboratives pour les Avocats\u00a0\u00bb font_container=\u00a0\u00bbtag:h2|text_align:left|color:%2301476a\u00a0\u00bb use_theme_fonts=\u00a0\u00bbyes\u00a0\u00bb css=\u00a0\u00bb.vc_custom_1760007345603{margin-bottom: 20px !important;}\u00a0\u00bb][vc_column_text css=\u00a0\u00bb.vc_custom_1760007354553{margin-bottom: 0px !important;}\u00a0\u00bb]Con\u00e7us pour s\u2019int\u00e9grer harmonieusement \u00e0 votre pratique et renforcer votre dossier tout en vous permettant de conserver le plein contr\u00f4le de votre relation avec le client, les services de Me Zaritsky s\u2019adressent aux avocats du Qu\u00e9bec comme du reste du Canada. Il offre un soutien en droit criminel \u00e0 la fois confidentiel, flexible et hautement efficace.[\/vc_column_text][vc_empty_space height=\u00a0\u00bb30px\u00a0\u00bb][vc_custom_heading text=\u00a0\u00bbServices Sp\u00e9cialis\u00e9s Offerts :\u00a0\u00bb font_container=\u00a0\u00bbtag:h3|font_size:24px|text_align:left|color:%2301476a\u00a0\u00bb use_theme_fonts=\u00a0\u00bbyes\u00a0\u00bb css=\u00a0\u00bb.vc_custom_1760007426374{margin-bottom: 20px !important;}\u00a0\u00bb][vc_empty_space height=\u00a0\u00bb20px\u00a0\u00bb][info_list_father connector_h=\u00a0\u00bb\u00a0\u00bb listwidth=\u00a0\u00bb\u00a0\u00bb][info_list_son style=\u00a0\u00bbicon\u00a0\u00bb size=\u00a0\u00bb18&Prime; width=\u00a0\u00bb18&Prime; height=\u00a0\u00bb18&Prime; radius=\u00a0\u00bb\u00a0\u00bb titleclr=\u00a0\u00bb#222222&Prime; icon=\u00a0\u00bbfa fa-solid fa-check\u00a0\u00bb iconclr=\u00a0\u00bb#B79D5B\u00a0\u00bb title=\u00a0\u00bbStrat\u00e9gie et Pr\u00e9paration de Dossier\u00a0\u00bb lineheight=\u00a0\u00bb1.5&Prime;]Apport d\u2019expertise sur la th\u00e9orie du dossier, les enjeux de preuve et les tactiques proc\u00e9durales afin de vous offrir un avantage strat\u00e9gique d\u00e8s le d\u00e9part.[\/info_list_son][info_list_son style=\u00a0\u00bbicon\u00a0\u00bb size=\u00a0\u00bb18&Prime; width=\u00a0\u00bb18&Prime; height=\u00a0\u00bb18&Prime; radius=\u00a0\u00bb\u00a0\u00bb titleclr=\u00a0\u00bb#222222&Prime; icon=\u00a0\u00bbfa fa-solid fa-check\u00a0\u00bb iconclr=\u00a0\u00bb#B79D5B\u00a0\u00bb title=\u00a0\u00bbSoutien en Litige\u00a0\u00bb lineheight=\u00a0\u00bb1.5&Prime;]Assistance discr\u00e8te pour la r\u00e9daction de requ\u00eates, la pr\u00e9paration des contre-interrogatoires ou l\u2019\u00e9laboration d\u2019arguments convaincants.[\/info_list_son][info_list_son style=\u00a0\u00bbicon\u00a0\u00bb size=\u00a0\u00bb18&Prime; width=\u00a0\u00bb18&Prime; height=\u00a0\u00bb18&Prime; radius=\u00a0\u00bb\u00a0\u00bb titleclr=\u00a0\u00bb#222222&Prime; icon=\u00a0\u00bbfa fa-solid fa-check\u00a0\u00bb iconclr=\u00a0\u00bb#B79D5B\u00a0\u00bb title=\u00a0\u00bbConsultation en Appel\u00a0\u00bb lineheight=\u00a0\u00bb1.5&Prime;]Analyse approfondie des dossiers de premi\u00e8re instance, des enjeux li\u00e9s \u00e0 la Charte et des erreurs de proc\u00e9dure afin de renforcer vos arguments en appel.[\/info_list_son][info_list_son style=\u00a0\u00bbicon\u00a0\u00bb size=\u00a0\u00bb18&Prime; width=\u00a0\u00bb18&Prime; height=\u00a0\u00bb18&Prime; radius=\u00a0\u00bb\u00a0\u00bb titleclr=\u00a0\u00bb#222222&Prime; icon=\u00a0\u00bbfa fa-solid fa-check\u00a0\u00bb iconclr=\u00a0\u00bb#B79D5B\u00a0\u00bb title=\u00a0\u00bbConseils sur le Chevauchement Civil-Criminel\u00a0\u00bb lineheight=\u00a0\u00bb1.5&Prime;]Lorsque des dossiers civils comportent des \u00e9l\u00e9ments criminels \u2014 tels que la fraude \u2014 Me Zaritsky peut vous aider \u00e0 comprendre et \u00e0 naviguer la dimension criminelle.[\/info_list_son][info_list_son style=\u00a0\u00bbicon\u00a0\u00bb size=\u00a0\u00bb18&Prime; width=\u00a0\u00bb18&Prime; height=\u00a0\u00bb18&Prime; radius=\u00a0\u00bb\u00a0\u00bb titleclr=\u00a0\u00bb#222222&Prime; icon=\u00a0\u00bbfa fa-solid fa-check\u00a0\u00bb iconclr=\u00a0\u00bb#B79D5B\u00a0\u00bb title=\u00a0\u00bbAvis Juridiques et R\u00e9visions de Dossiers\u00a0\u00bb lineheight=\u00a0\u00bb1.5&Prime;]Profitez d\u2019une analyse exp\u00e9riment\u00e9e sur les subtilit\u00e9s du droit criminel, l\u2019interpr\u00e9tation de la preuve et la strat\u00e9gie de proc\u00e8s.[\/info_list_son][info_list_son style=\u00a0\u00bbicon\u00a0\u00bb size=\u00a0\u00bb18&Prime; width=\u00a0\u00bb18&Prime; height=\u00a0\u00bb18&Prime; radius=\u00a0\u00bb\u00a0\u00bb titleclr=\u00a0\u00bb#222222&Prime; icon=\u00a0\u00bbfa fa-solid fa-check\u00a0\u00bb iconclr=\u00a0\u00bb#B79D5B\u00a0\u00bb title=\u00a0\u00bbServices de Co-Counsel et d\u2019Agent Local\u00a0\u00bb lineheight=\u00a0\u00bb1.5&Prime;]Besoin d\u2019une repr\u00e9sentation locale au Qu\u00e9bec? Me Zaritsky peut compara\u00eetre devant les tribunaux, communiquer avec les autorit\u00e9s, et agir comme partenaire sur place pour le d\u00e9p\u00f4t de documents, les comparutions ou les rencontres avec les clients.[\/info_list_son][info_list_son style=\u00a0\u00bbicon\u00a0\u00bb size=\u00a0\u00bb18&Prime; width=\u00a0\u00bb18&Prime; height=\u00a0\u00bb18&Prime; radius=\u00a0\u00bb\u00a0\u00bb titleclr=\u00a0\u00bb#222222&Prime; icon=\u00a0\u00bbfa fa-solid fa-check\u00a0\u00bb iconclr=\u00a0\u00bb#B79D5B\u00a0\u00bb title=\u00a0\u00bbIntervention Segment\u00e9e dans un Dossier\u00a0\u00bb lineheight=\u00a0\u00bb1.5&Prime;]Que ce soit pour une audience de mise en libert\u00e9, des observations sur la peine ou la r\u00e9daction d\u2019un m\u00e9moire d\u2019appel, Me Zaritsky peut intervenir \u00e0 des \u00e9tapes pr\u00e9cises de votre dossier selon vos besoins.[\/info_list_son][\/info_list_father][\/vc_column][\/vc_row][vc_row full_width=\u00a0\u00bbstretch_row\u00a0\u00bb gap=\u00a0\u00bb35&Prime; content_placement=\u00a0\u00bbmiddle\u00a0\u00bb css=\u00a0\u00bb.vc_custom_1726146931659{margin-top: 30px !important;padding-top: 30px !important;padding-bottom: 30px !important;background-image: url(https:\/\/zaritsky.ca\/wp-content\/uploads\/2024\/06\/bg2-min.jpg?id=275) !important;background-position: center !important;background-repeat: no-repeat !important;background-size: cover !important;}\u00a0\u00bb][vc_column width=\u00a0\u00bb1\/2&Prime;][vc_separator color=\u00a0\u00bbcustom\u00a0\u00bb align=\u00a0\u00bbalign_left\u00a0\u00bb border_width=\u00a0\u00bb2&Prime; el_width=\u00a0\u00bb20&Prime; css=\u00a0\u00bb.vc_custom_1717673783432{margin-bottom: 20px !important;}\u00a0\u00bb accent_color=\u00a0\u00bb#ffcc00&Prime;][vc_custom_heading text=\u00a0\u00bbRANDI ZARITSKY\u00a0\u00bb font_container=\u00a0\u00bbtag:h6|font_size:18px|text_align:left|color:%23ffcc00&Prime; use_theme_fonts=\u00a0\u00bbyes\u00a0\u00bb css=\u00a0\u00bb.vc_custom_1717673793647{margin-bottom: 20px !important;}\u00a0\u00bb][vc_custom_heading text=\u00a0\u00bbPrenez contact avec un expert\u202f!\u00a0\u00bb font_container=\u00a0\u00bbtag:h2|text_align:left|color:%23ffffff\u00a0\u00bb use_theme_fonts=\u00a0\u00bbyes\u00a0\u00bb css=\u00a0\u00bb.vc_custom_1717673806231{margin-bottom: 30px !important;}\u00a0\u00bb][vc_row_inner css=\u00a0\u00bb.vc_custom_1717674181718{margin-top: 30px !important;}\u00a0\u00bb][vc_column_inner width=\u00a0\u00bb1\/2&Prime;][mvc_infobox info_style=\u00a0\u00bbmega_info_box_2&Prime; info_opt=\u00a0\u00bbshow_icon\u00a0\u00bb icon_size=\u00a0\u00bb22&Prime; icon_height=\u00a0\u00bb22&Prime; link=\u00a0\u00bblink_box\u00a0\u00bb line_height=\u00a0\u00bb1.5&Prime; title_color=\u00a0\u00bb#ffffff\u00a0\u00bb font_icon=\u00a0\u00bbfas fa-phone-alt\u00a0\u00bb icon_color=\u00a0\u00bb#ffcc00&Prime; btn_url=\u00a0\u00bburl:tel%3A5149441737|target:_blank\u00a0\u00bb info_title=\u00a0\u00bb(514) 944-1737&Prime; title_size=\u00a0\u00bb22&Prime;][\/mvc_infobox][\/vc_column_inner][vc_column_inner width=\u00a0\u00bb1\/2&Prime;][mvc_infobox info_style=\u00a0\u00bbmega_info_box_2&Prime; info_opt=\u00a0\u00bbshow_icon\u00a0\u00bb icon_size=\u00a0\u00bb22&Prime; icon_height=\u00a0\u00bb22&Prime; link=\u00a0\u00bblink_box\u00a0\u00bb line_height=\u00a0\u00bb1.5&Prime; title_color=\u00a0\u00bb#ffffff\u00a0\u00bb font_icon=\u00a0\u00bbfas fa-envelope\u00a0\u00bb icon_color=\u00a0\u00bb#ffcc00&Prime; btn_url=\u00a0\u00bburl:mailto%3Ainfo%40zaritsky.ca|target:_blank\u00a0\u00bb info_title=\u00a0\u00bbinfo@zaritsky.ca\u00a0\u00bb title_size=\u00a0\u00bb22&Prime;][\/mvc_infobox][\/vc_column_inner][\/vc_row_inner][\/vc_column][vc_column width=\u00a0\u00bb1\/2&Prime;][\/vc_column][\/vc_row][vc_row css=\u00a0\u00bb.vc_custom_1760008383183{margin-top: 30px !important;}\u00a0\u00bb][vc_column width=\u00a0\u00bb1\/3&Prime;][vc_custom_heading text=\u00a0\u00bbBas\u00e9 au Qu\u00e9bec, fiert\u00e9 nationale\u00a0\u00bb font_container=\u00a0\u00bbtag:h2|text_align:left|color:%2301476a\u00a0\u00bb use_theme_fonts=\u00a0\u00bbyes\u00a0\u00bb css=\u00a0\u00bb.vc_custom_1760008941276{margin-bottom: 20px !important;}\u00a0\u00bb][vc_column_text css=\u00a0\u00bb\u00a0\u00bb]<strong>Me Randi Zaritsky <\/strong>offre son soutien aux confr\u00e8res et cons\u0153urs du Qu\u00e9bec ainsi qu\u2019aux avocats de partout au Canada n\u00e9cessitant une expertise ou une <strong>repr\u00e9sentation sp\u00e9cifique au Qu\u00e9bec<\/strong>. Son approche est professionnelle, discr\u00e8te et ax\u00e9e sur les r\u00e9sultats, tout en gardant les int\u00e9r\u00eats du client au premier plan.[\/vc_column_text][mvc_advanced_button btn_text=\u00a0\u00bbCONTACTER RANDY ZARITSKY\u00a0\u00bb padding_top=\u00a0\u00bb20&Prime; padding_left=\u00a0\u00bb50&Prime; btn_size=\u00a0\u00bb16&Prime; icon_size=\u00a0\u00bb16&Prime; use_theme_fonts=\u00a0\u00bbyes\u00a0\u00bb btn_icon=\u00a0\u00bbfa fa-solid fa-plus\u00a0\u00bb btn_url=\u00a0\u00bburl:https%3A%2F%2Fzaritsky.ca%2Ffr%2Fcontact%2F|\u00a0\u00bb classname=\u00a0\u00bbza-btn\u00a0\u00bb btn_clr=\u00a0\u00bb#FFFFFF\u00a0\u00bb btn_bg=\u00a0\u00bb#B79D5B\u00a0\u00bb btn_hvrclr=\u00a0\u00bb#FFFFFF\u00a0\u00bb btn_hvrbg=\u00a0\u00bb#01476A\u00a0\u00bb][\/vc_column][vc_column width=\u00a0\u00bb1\/3&Prime;][vc_single_image image=\u00a0\u00bb1017&Prime; img_size=\u00a0\u00bbfull\u00a0\u00bb alignment=\u00a0\u00bbcenter\u00a0\u00bb style=\u00a0\u00bbvc_box_shadow\u00a0\u00bb css=\u00a0\u00bb\u00a0\u00bb][\/vc_column][vc_column width=\u00a0\u00bb1\/3&Prime;][vc_single_image image=\u00a0\u00bb1018&Prime; img_size=\u00a0\u00bbfull\u00a0\u00bb alignment=\u00a0\u00bbcenter\u00a0\u00bb style=\u00a0\u00bbvc_box_shadow\u00a0\u00bb css=\u00a0\u00bb\u00a0\u00bb][\/vc_column][\/vc_row]<\/p>\n<\/div>","protected":false},"excerpt":{"rendered":"<p>[vc_row full_width=\u00a0\u00bbstretch_row\u00a0\u00bb content_placement=\u00a0\u00bbmiddle\u00a0\u00bb css=\u00a0\u00bb.vc_custom_1717672936723{padding-top: 30px !important;padding-bottom: 30px !important;background-color: #01476a !important;}\u00a0\u00bb][vc_column css=\u00a0\u00bb.vc_custom_1717672969302{padding-top: 0px !important;}\u00a0\u00bb][vc_custom_heading text=\u00a0\u00bbServices entre Avocats en Droit Criminel au Qu\u00e9bec\u00a0\u00bb font_container=\u00a0\u00bbtag:h1|font_size:34px|text_align:left|color:%23ffffff\u00a0\u00bb use_theme_fonts=\u00a0\u00bbyes\u00a0\u00bb css=\u00a0\u00bb\u00a0\u00bb el_id=\u00a0\u00bbtxt-400&Prime;][vc_column_text css=\u00a0\u00bb.vc_custom_1760009752202{margin-bottom: 0px !important;}\u00a0\u00bb el_id=\u00a0\u00bbtxt-white\u00a0\u00bb]S\u2019int\u00e9grer harmonieusement &#8230; <a title=\"Services entre Avocats en Droit Criminel au Qu\u00e9bec\" class=\"read-more\" href=\"https:\/\/zaritsky.ca\/fr\/services-entre-avocats-en-droit-criminel-au-quebec\/\" aria-label=\"En savoir plus sur Services entre Avocats en Droit Criminel au Qu\u00e9bec\"> <\/a><\/p>\n","protected":false},"author":1,"featured_media":0,"parent":0,"menu_order":0,"comment_status":"closed","ping_status":"closed","template":"","meta":{"inline_featured_image":false,"footnotes":""},"class_list":["post-1019","page","type-page","status-publish"],"_links":{"self":[{"href":"https:\/\/zaritsky.ca\/fr\/wp-json\/wp\/v2\/pages\/1019","targetHints":{"allow":["GET"]}}],"collection":[{"href":"https:\/\/zaritsky.ca\/fr\/wp-json\/wp\/v2\/pages"}],"about":[{"href":"https:\/\/zaritsky.ca\/fr\/wp-json\/wp\/v2\/types\/page"}],"author":[{"embeddable":true,"href":"https:\/\/zaritsky.ca\/fr\/wp-json\/wp\/v2\/users\/1"}],"replies":[{"embeddable":true,"href":"https:\/\/zaritsky.ca\/fr\/wp-json\/wp\/v2\/comments?post=1019"}],"version-history":[{"count":10,"href":"https:\/\/zaritsky.ca\/fr\/wp-json\/wp\/v2\/pages\/1019\/revisions"}],"predecessor-version":[{"id":1035,"href":"https:\/\/zaritsky.ca\/fr\/wp-json\/wp\/v2\/pages\/1019\/revisions\/1035"}],"wp:attachment":[{"href":"https:\/\/zaritsky.ca\/fr\/wp-json\/wp\/v2\/media?parent=1019"}],"curies":[{"name":"wp","href":"https:\/\/api.w.org\/{rel}","templated":true}]}}